{"id":2668,"date":"2025-07-22T16:00:40","date_gmt":"2025-07-22T14:00:40","guid":{"rendered":"https:\/\/www.camping-jardinsdeladour.fr\/mentions-legales\/"},"modified":"2025-09-17T12:10:09","modified_gmt":"2025-09-17T10:10:09","slug":"legal-notice","status":"publish","type":"page","link":"https:\/\/www.camping-jardinsdeladour.fr\/en\/legal-notice\/","title":{"rendered":"Legal notice"},"content":{"rendered":"\n<section class=\"wp-block-group alignfull gt_1-cta-3-photos_001 interne is-layout-flow wp-block-group-is-layout-flow\" style=\"padding-top:var(--wp--preset--spacing--50);padding-right:98px;padding-bottom:115px;padding-left:98px\">\n<div class=\"wp-block-columns colonne-anim is-layout-flex wp-container-core-columns-is-layout-658170e2 wp-block-columns-is-layout-flex\">\n<div class=\"wp-block-column is-layout-flow wp-block-column-is-layout-flow\">\n<div class=\"wp-block-group full-width is-horizontal is-content-justification-left is-nowrap is-layout-flex wp-container-core-group-is-layout-cf350f78 wp-block-group-is-layout-flex\" style=\"border-radius:0px;margin-top:0px;margin-right:0px;margin-bottom:0px;margin-left:0px;padding-top:var(--wp--preset--spacing--10);padding-right:0px;padding-bottom:0;padding-left:0px\">\n<h1 class=\"wp-block-heading has-text-align-left full-width has-bricolage-grotesque-font-family has-text-color\" style=\"color:rgba(40,81,77,1);margin-top:0px;margin-right:0px;margin-bottom:0px;margin-left:0px;font-size:clamp(37.388px, 2.337rem + ((1vw - 3.2px) * 3.293), 69px);font-style:normal;font-weight:300;line-height:0.9\">Legal notice<\/h1>\n\n\n\n<figure class=\"wp-block-image is-resized title-deco\" style=\"margin-top:0px;margin-right:0px;margin-bottom:0px;margin-left:0px\"><img decoding=\"async\" src=\"data:image\/svg+xml,%3Csvg width=&quot;72&quot; height=&quot;56&quot; viewBox=&quot;0 0 72 56&quot; fill=&quot;none&quot; xmlns=&quot;http:\/\/www.w3.org\/2000\/svg&quot;%3E%3Cpath d=&quot;M18.038 47.2292C18.038 47.2292 21.4683 50.8244 34.0518 53.3002C46.6261 55.76 60.8801 45.6929 64.4088 33.5647C67.9375 21.4364 71.2137 8.75143 71.2137 8.75143C71.2137 8.75143 57.5705 6.59436 48.6312 13.5822C41.0825 19.4887 38.8218 27.9289 36.5006 32.6011C31.0824 43.4934 27.9469 45.8161 18.0506 47.2327L18.038 47.2292Z&quot; fill=&quot;%23F39563&quot;\/%3E%3Cpath d=&quot;M6.29957 23.7329C9.14584 30.7701 15.7421 34.8683 23.0962 33.0843C30.4502 31.3004 34.9743 23.873 33.1824 16.4859C33.1824 16.4859 31.2224 -4.24599 0.0767219 1.11867C0.073643 1.10597 3.37221 16.5272 6.29957 23.7329Z&quot; fill=&quot;%23F39563&quot;\/%3E%3C\/svg%3E%0A\" alt=\"\" style=\"width:96px\"\/><\/figure>\n<\/div>\n\n\n\n<p><strong>1. Site editor<\/strong><\/p>\n\n\n\n<p>This website is published by : <br\/><strong>SARL Camping Les Jardins de l&#8217;Adour<\/strong> <br\/>Soci\u00e9t\u00e9 \u00e0 responsabilit\u00e9 limit\u00e9e (\u00e0 associ\u00e9 unique) au capital de 15 000,00 \u20ac <br\/>Si\u00e8ge social : 848 Rue du Pouy, 40990 Saint-Vincent-de-Paul <br\/>RCS Dax n\u00b0 491 960 837 <br\/>TVA intracommunautaire : FR72 491 960 837 <br\/>Activities : camping, para-hotel activities, restaurant, sale of finished products, leisure activities <br\/>Co-managers : M. JANICOT \u00c9ric and Mme JANICOT BARR\u00c9 Aur\u00e9lie <br\/>Publication manager: Mme JANICOT BARR\u00c9 Aur\u00e9lie <br\/>Contact: +33 (0)5 58 89 99 60 &#8211; lesjardinsdeladour@laposte.net<\/p>\n\n\n\n<hr class=\"wp-block-separator has-alpha-channel-opacity is-style-wide\" style=\"margin-bottom:var(--wp--preset--spacing--30)\"\/>\n\n\n\n<p><strong><strong>2. Hosting<\/strong><\/strong><\/p>\n\n\n\n<p>This site is hosted by : <br\/><strong><strong>Magic Online &#8211; Groupe CELESTE<\/strong><\/strong> <br\/>SA au capital de 102 840 \u20ac RCS Bobigny 378 499 073 <br\/>Address: 130-134 Avenue du Pr\u00e9sident Wilson, 93512 Montreuil Cedex | France <br\/>Telephone: +33 1 41 58 22 50 <br\/>Website: www.magic.fr<\/p>\n\n\n\n<hr class=\"wp-block-separator has-alpha-channel-opacity is-style-wide\" style=\"margin-bottom:var(--wp--preset--spacing--30)\"\/>\n\n\n\n<p><strong><strong><strong>3. Intellectual property<\/strong><\/strong><\/strong><\/p>\n\n\n\n<p>All content on this site (text, images, photos, videos, graphics, logos, icons, etc.) is the exclusive property of SARL Camping Les Jardins de l&#8217;Adour, unless otherwise stated, and is protected by copyright and intellectual property laws.  <br\/>Any reproduction, representation, modification, publication, adaptation of all or part of the elements of the site, whatever the means or the process used, is forbidden, except with prior written authorization.<\/p>\n\n\n\n<hr class=\"wp-block-separator has-alpha-channel-opacity is-style-wide\" style=\"margin-bottom:var(--wp--preset--spacing--30)\"\/>\n\n\n\n<p><strong><strong><strong><strong>4. Personal data &amp; cookies<\/strong><\/strong><\/strong><\/strong><\/p>\n\n\n\n<p>The site may collect certain personal data via its forms (contact, Booking, newsletter registration). This data is used solely for the purposes of the services offered (booking management, responding to requests, sending information, etc.).   <br\/>In accordance with the General Data Protection Regulation (RGPD), you have the right to access, rectify, delete and object to the processing of data concerning you. You can exercise these rights by contacting us at: lesjardinsdeladour@laposte.net <\/p>\n\n\n\n<p>The site may also use <strong>cookies<\/strong> for audience measurement, navigation or functionality purposes. You can refuse all or part of cookies via your browser settings or from an acceptance banner configured on the site. <\/p>\n\n\n\n<hr class=\"wp-block-separator has-alpha-channel-opacity is-style-wide\" style=\"margin-bottom:var(--wp--preset--spacing--30)\"\/>\n\n\n\n<p><strong><strong><strong><strong><strong>5. Liability<\/strong><\/strong><\/strong><\/strong><\/strong><\/p>\n\n\n\n<p>Despite the care taken to ensure the accuracy of the information published on the site, SARL Camping Les Jardins de l&#8217;Adour cannot guarantee the absence of errors or omissions.  <br\/>It cannot be held responsible for direct or indirect damage caused to the user&#8217;s equipment when accessing the site, or resulting from the use of hypertext links pointing to other sites, the content of which is not its responsibility.<\/p>\n\n\n\n<hr class=\"wp-block-separator has-alpha-channel-opacity is-style-wide\" style=\"margin-bottom:var(--wp--preset--spacing--30)\"\/>\n\n\n\n<p><strong><strong><strong><strong><strong><strong>6. Applicable law &#8211; Settlement of disputes<\/strong><\/strong><\/strong><\/strong><\/strong><\/strong><\/p>\n\n\n\n<p>This Legal notice is governed by <strong>French law<\/strong>. <br\/>In the event of a dispute, and after notifying the customer service department in writing (registered letter with acknowledgement of receipt), you may have recourse to a mediation procedure with the competent consumer mediator:<\/p>\n\n\n\n<p><strong>BAYONNE M\u00c9DIATION<\/strong> <br\/>32 rue du Hameau, 64200 Biarritz <br\/>T\u00e9l : 06 79 59 83 38 <br\/>Site :<a href=\"https:\/\/www.bayonne-mediation.com\" target=\"_blank\" rel=\"noreferrer noopener\"> www.bayonne-mediation.com<\/a><\/p>\n\n\n\n<h2 class=\"wp-block-heading\" style=\"margin-top:var(--wp--preset--spacing--40);font-size:clamp(1.743rem, 1.743rem + ((1vw - 0.2rem) * 2.095), 3rem);\">PRODUCTION<\/h2>\n\n\n\n<p><strong>GEEK TONIC<\/strong> <br\/>Represented by Mr Yohan Darmayan in his capacity as Manager <br\/>Registered office: 16 CHEMIN DE SABALCE 64100 BAYONNE <br\/>Tel: +33 (0)5 32 74 11 53 <br\/>E-mail: support@geek-tonic.com <br\/>Website <a href=\"https:\/\/www.geek-tonic.com\/\" target=\"_blank\" rel=\"noreferrer noopener\">www.geek-tonic.com<\/a> <br\/>SIRET: 89746755100031 <br\/>APE: 6201Z<\/p>\n<\/div>\n<\/div>\n<\/section>\n","protected":false},"excerpt":{"rendered":"<p>Legal notice 1. Site editor This website is published by : SARL Camping Les Jardins de l&#8217;Adour Soci\u00e9t\u00e9 \u00e0 responsabilit\u00e9 limit\u00e9e (\u00e0 associ\u00e9 unique) au capital de 15 000,00 \u20ac Si\u00e8ge social : 848 Rue du Pouy, 40990 Saint-Vincent-de-Paul RCS Dax n\u00b0 491 960 837 TVA intracommunautaire : FR72 491 960 837 Activities : camping, [&hellip;]<\/p>\n","protected":false},"author":1,"featured_media":2072,"parent":0,"menu_order":0,"comment_status":"closed","ping_status":"closed","template":"","meta":{"_seopress_robots_primary_cat":"","_seopress_titles_title":"%%post_title%% %%sep%% %%sitetitle%%","_seopress_titles_desc":"","_seopress_robots_index":"yes","_gt_ctv_global_id":"","_gt_ctv_id_group":false,"inline_featured_image":false,"gt_fse_maillage_image":"https:\/\/www.camping-jardinsdeladour.fr\/wp-content\/uploads\/2025\/07\/camping-jardinsdeladour-saint-vincent-de-paul-mentions-legales-cta.jpg","gt_fse_maillage_titre":"Legal notice","gt_fse_maillage_alt":"campsite jardinsdeladour saint vincent de paul legal notice","gt_fse_maillage_resume":"","footnotes":""},"categories":[],"tags":[],"class_list":["post-2668","page","type-page","status-publish","has-post-thumbnail","hentry"],"_links":{"self":[{"href":"https:\/\/www.camping-jardinsdeladour.fr\/en\/wp-json\/wp\/v2\/pages\/2668","targetHints":{"allow":["GET"]}}],"collection":[{"href":"https:\/\/www.camping-jardinsdeladour.fr\/en\/wp-json\/wp\/v2\/pages"}],"about":[{"href":"https:\/\/www.camping-jardinsdeladour.fr\/en\/wp-json\/wp\/v2\/types\/page"}],"author":[{"embeddable":true,"href":"https:\/\/www.camping-jardinsdeladour.fr\/en\/wp-json\/wp\/v2\/users\/1"}],"replies":[{"embeddable":true,"href":"https:\/\/www.camping-jardinsdeladour.fr\/en\/wp-json\/wp\/v2\/comments?post=2668"}],"version-history":[{"count":3,"href":"https:\/\/www.camping-jardinsdeladour.fr\/en\/wp-json\/wp\/v2\/pages\/2668\/revisions"}],"predecessor-version":[{"id":2787,"href":"https:\/\/www.camping-jardinsdeladour.fr\/en\/wp-json\/wp\/v2\/pages\/2668\/revisions\/2787"}],"wp:featuredmedia":[{"embeddable":true,"href":"https:\/\/www.camping-jardinsdeladour.fr\/en\/wp-json\/wp\/v2\/media\/2072"}],"wp:attachment":[{"href":"https:\/\/www.camping-jardinsdeladour.fr\/en\/wp-json\/wp\/v2\/media?parent=2668"}],"wp:term":[{"taxonomy":"category","embeddable":true,"href":"https:\/\/www.camping-jardinsdeladour.fr\/en\/wp-json\/wp\/v2\/categories?post=2668"},{"taxonomy":"post_tag","embeddable":true,"href":"https:\/\/www.camping-jardinsdeladour.fr\/en\/wp-json\/wp\/v2\/tags?post=2668"}],"curies":[{"name":"wp","href":"https:\/\/api.w.org\/{rel}","templated":true}]}}