{"id":2687,"date":"2025-07-22T16:00:40","date_gmt":"2025-07-22T14:00:40","guid":{"rendered":"https:\/\/www.camping-jardinsdeladour.fr\/mentions-legales\/"},"modified":"2025-12-03T09:53:38","modified_gmt":"2025-12-03T08:53:38","slug":"informacion-legal","status":"publish","type":"page","link":"https:\/\/www.camping-jardinsdeladour.fr\/es\/informacion-legal\/","title":{"rendered":"Informaci\u00f3n legal"},"content":{"rendered":"\n<section class=\"wp-block-group alignfull gt_1-cta-3-photos_001 interne is-layout-flow wp-block-group-is-layout-flow\" style=\"padding-top:var(--wp--preset--spacing--50);padding-right:98px;padding-bottom:115px;padding-left:98px\">\n<div class=\"wp-block-columns colonne-anim is-layout-flex wp-container-core-columns-is-layout-658170e2 wp-block-columns-is-layout-flex\">\n<div class=\"wp-block-column is-layout-flow wp-block-column-is-layout-flow\">\n<div class=\"wp-block-group full-width is-horizontal is-content-justification-left is-nowrap is-layout-flex wp-container-core-group-is-layout-cf350f78 wp-block-group-is-layout-flex\" style=\"border-radius:0px;margin-top:0px;margin-right:0px;margin-bottom:0px;margin-left:0px;padding-top:var(--wp--preset--spacing--10);padding-right:0px;padding-bottom:0;padding-left:0px\">\n<h1 class=\"wp-block-heading has-text-align-left full-width has-bricolage-grotesque-font-family has-text-color\" style=\"color:rgba(40,81,77,1);margin-top:0px;margin-right:0px;margin-bottom:0px;margin-left:0px;font-size:clamp(37.388px, 2.337rem + ((1vw - 3.2px) * 3.293), 69px);font-style:normal;font-weight:300;line-height:0.9\">Informaci\u00f3n legal<\/h1>\n\n\n\n<figure class=\"wp-block-image is-resized title-deco\" style=\"margin-top:0px;margin-right:0px;margin-bottom:0px;margin-left:0px\"><img decoding=\"async\" src=\"data:image\/svg+xml,%3Csvg width=&quot;72&quot; height=&quot;56&quot; viewBox=&quot;0 0 72 56&quot; fill=&quot;none&quot; xmlns=&quot;http:\/\/www.w3.org\/2000\/svg&quot;%3E%3Cpath d=&quot;M18.038 47.2292C18.038 47.2292 21.4683 50.8244 34.0518 53.3002C46.6261 55.76 60.8801 45.6929 64.4088 33.5647C67.9375 21.4364 71.2137 8.75143 71.2137 8.75143C71.2137 8.75143 57.5705 6.59436 48.6312 13.5822C41.0825 19.4887 38.8218 27.9289 36.5006 32.6011C31.0824 43.4934 27.9469 45.8161 18.0506 47.2327L18.038 47.2292Z&quot; fill=&quot;%23F39563&quot;\/%3E%3Cpath d=&quot;M6.29957 23.7329C9.14584 30.7701 15.7421 34.8683 23.0962 33.0843C30.4502 31.3004 34.9743 23.873 33.1824 16.4859C33.1824 16.4859 31.2224 -4.24599 0.0767219 1.11867C0.073643 1.10597 3.37221 16.5272 6.29957 23.7329Z&quot; fill=&quot;%23F39563&quot;\/%3E%3C\/svg%3E%0A\" alt=\"\" style=\"width:96px\"\/><\/figure>\n<\/div>\n\n\n\n<p><strong>1. Editor del sitio<\/strong><\/p>\n\n\n\n<p>Este sitio web es publicado por : <br\/><strong>SARL Camping Les Jardins de l&#8217;Adour<\/strong> <br\/>Soci\u00e9t\u00e9 \u00e0 responsabilit\u00e9 limit\u00e9e (\u00e0 associ\u00e9 unique) au capital de 15 000,00 \u20ac <br\/>Si\u00e8ge social : 848 Rue du Pouy, 40990 Saint-Vincent-de-Paul <br\/>RCS Dax n\u00b0 491 960 837 <br\/>TVA intracommunautaire : FR72 491 960 837 <br\/>Actividades : camping, actividades parahoteleras, restaurante, venta de productos acabados, actividades de ocio <br\/>Codirectores : Sr. \u00c9ric JANICOT y Sra. Aur\u00e9lie JANICOT BARR\u00c9 <br\/>Responsable de la publicaci\u00f3n: Sra. Aur\u00e9lie JANICOT BARR\u00c9 <br\/>Contacto: +33 (0)5 58 89 99 60 &#8211; lesjardinsdeladour@laposte.net<\/p>\n\n\n\n<hr class=\"wp-block-separator has-alpha-channel-opacity is-style-wide\" style=\"margin-bottom:var(--wp--preset--spacing--30)\"\/>\n\n\n\n<p><strong><strong>2. Alojamiento<\/strong><\/strong><\/p>\n\n\n\n<p>Este sitio est\u00e1 alojado por : <br\/><strong><strong>Magic Online &#8211; Groupe CELESTE<\/strong><\/strong> <br\/>SA au capital de 102 840 \u20ac RCS Bobigny 378 499 073 <br\/>Direcci\u00f3n: 130-134 Avenue du Pr\u00e9sident Wilson, 93512 Montreuil Cedex | France <br\/>Tel\u00e9fono: +33 1 41 58 22 50 <br\/>P\u00e1gina web: www.magic.fr<\/p>\n\n\n\n<hr class=\"wp-block-separator has-alpha-channel-opacity is-style-wide\" style=\"margin-bottom:var(--wp--preset--spacing--30)\"\/>\n\n\n\n<p><strong><strong><strong>3. Derechos de propiedad intelectual<\/strong><\/strong><\/strong><\/p>\n\n\n\n<p>Todo el contenido de este sitio (textos, im\u00e1genes, fotos, v\u00eddeos, gr\u00e1ficos, logotipos, iconos, etc.) es propiedad exclusiva de SARL Camping Les Jardins de l&#8217;Adour, a menos que se indique lo contrario, y est\u00e1 protegido por la legislaci\u00f3n sobre derechos de autor y propiedad intelectual.  <br\/>Cualquier reproducci\u00f3n, representaci\u00f3n, modificaci\u00f3n, publicaci\u00f3n, adaptaci\u00f3n de la totalidad o parte de los elementos del sitio, cualesquiera que sean los medios o procedimientos utilizados, est\u00e1 prohibida, salvo autorizaci\u00f3n previa por escrito.<\/p>\n\n\n\n<hr class=\"wp-block-separator has-alpha-channel-opacity is-style-wide\" style=\"margin-bottom:var(--wp--preset--spacing--30)\"\/>\n\n\n\n<p><strong><strong><strong><strong>4. Datos personales y cookies<\/strong><\/strong><\/strong><\/strong><\/p>\n\n\n\n<p>El sitio puede recoger algunos datos personales a trav\u00e9s de sus formularios (contacto, Reservas, inscripci\u00f3n al bolet\u00edn). Estos datos se utilizan \u00fanicamente a efectos de los servicios ofrecidos (gesti\u00f3n de Reservas, respuesta a solicitudes, env\u00edo de informaci\u00f3n, etc.).   <br\/>De conformidad con el Reglamento General de Protecci\u00f3n de Datos (RGPD), tiene derecho a acceder, rectificar, suprimir y oponerse al tratamiento de sus datos personales. Puede ejercer estos derechos poni\u00e9ndose en contacto con nosotros en: lesjardinsdeladour@laposte.net <\/p>\n\n\n\n<p>El sitio tambi\u00e9n puede utilizar <strong>cookies<\/strong> con fines de medici\u00f3n de audiencia, navegaci\u00f3n o funcionalidad. Puede rechazar todas o algunas de las cookies a trav\u00e9s de la configuraci\u00f3n de su navegador o desde un banner de aceptaci\u00f3n configurado en el sitio. <\/p>\n\n\n\n<hr class=\"wp-block-separator has-alpha-channel-opacity is-style-wide\" style=\"margin-bottom:var(--wp--preset--spacing--30)\"\/>\n\n\n\n<p><strong><strong><strong><strong><strong>5. Responsabilidad<\/strong><\/strong><\/strong><\/strong><\/strong><\/p>\n\n\n\n<p>A pesar del cuidado puesto en la exactitud de la informaci\u00f3n publicada en el sitio, SARL Camping Les Jardins de l&#8217;Adour no puede garantizar la ausencia de errores u omisiones.  <br\/>No se hace responsable de los da\u00f1os directos o indirectos causados al equipo del usuario al acceder al sitio, o derivados del uso de enlaces de hipertexto que apunten a otros sitios, cuyo contenido no es de su responsabilidad.<\/p>\n\n\n\n<hr class=\"wp-block-separator has-alpha-channel-opacity is-style-wide\" style=\"margin-bottom:var(--wp--preset--spacing--30)\"\/>\n\n\n\n<p><strong><strong><strong><strong><strong><strong>6. Ley aplicable &#8211; Soluci\u00f3n de litigios<\/strong><\/strong><\/strong><\/strong><\/strong><\/strong><\/p>\n\n\n\n<p>La presente Informaci\u00f3n legal se rige por la <strong>legislaci\u00f3n francesa<\/strong>. <br\/>En caso de litigio, y tras notificarlo por escrito al servicio de atenci\u00f3n al cliente (carta certificada con acuse de recibo), podr\u00e1 recurrir a un procedimiento de mediaci\u00f3n ante el mediador de consumo competente:<\/p>\n\n\n\n<p><strong>BAYONNE M\u00c9DIATION<\/strong> <br\/>32 rue du Hameau, 64200 Biarritz <br\/>Tel: 06 79 59 83 38 <br\/>P\u00e1gina web:<a href=\"https:\/\/www.bayonne-mediation.com\" target=\"_blank\" rel=\"noreferrer noopener\"> www.bayonne-mediation.com<\/a><\/p>\n\n\n\n<h2 class=\"wp-block-heading\" style=\"margin-top:var(--wp--preset--spacing--40);font-size:clamp(1.743rem, 1.743rem + ((1vw - 0.2rem) * 2.095), 3rem);\">PRODUCCI\u00d3N<\/h2>\n\n\n\n<p><strong>GEEK TONIC<\/strong> <br\/>Representada por el Sr. Yohan Darmayan en calidad de Gerente <br\/>Domicilio social: 16 CHEMIN DE SABALCE 64100 BAYONNE <br\/>Tel: +33 (0)5 32 74 11 53 <br\/>E-mail: support@geek-tonic.com <br\/>P\u00e1gina web <a href=\"https:\/\/www.geek-tonic.com\/\" target=\"_blank\" rel=\"noreferrer noopener\">www.geek-tonic.com<\/a> <br\/>SIRET: 89746755100031 <br\/>APE: 6201Z<\/p>\n<\/div>\n<\/div>\n<\/section>\n","protected":false},"excerpt":{"rendered":"<p>Informaci\u00f3n legal 1. Editor del sitio Este sitio web es publicado por : SARL Camping Les Jardins de l&#8217;Adour Soci\u00e9t\u00e9 \u00e0 responsabilit\u00e9 limit\u00e9e (\u00e0 associ\u00e9 unique) au capital de 15 000,00 \u20ac Si\u00e8ge social : 848 Rue du Pouy, 40990 Saint-Vincent-de-Paul RCS Dax n\u00b0 491 960 837 TVA intracommunautaire : FR72 491 960 837 Actividades [&hellip;]<\/p>\n","protected":false},"author":1,"featured_media":2073,"parent":0,"menu_order":0,"comment_status":"closed","ping_status":"closed","template":"","meta":{"_seopress_robots_primary_cat":"","_seopress_titles_title":"%%post_title%% %%sep%% %%sitetitle%%","_seopress_titles_desc":"","_seopress_robots_index":"yes","_gt_ctv_global_id":"","_gt_ctv_id_group":false,"inline_featured_image":false,"gt_fse_maillage_image":"https:\/\/www.camping-jardinsdeladour.fr\/wp-content\/uploads\/2025\/07\/camping-jardinsdeladour-saint-vincent-de-paul-mentions-legales-cta.jpg","gt_fse_maillage_titre":"Informaci\u00f3n legal","gt_fse_maillage_alt":"camping jardinsdeladour saint vincent de paul informaci\u00f3n legal","gt_fse_maillage_resume":"","footnotes":""},"categories":[],"tags":[],"class_list":["post-2687","page","type-page","status-publish","has-post-thumbnail","hentry"],"_links":{"self":[{"href":"https:\/\/www.camping-jardinsdeladour.fr\/es\/wp-json\/wp\/v2\/pages\/2687","targetHints":{"allow":["GET"]}}],"collection":[{"href":"https:\/\/www.camping-jardinsdeladour.fr\/es\/wp-json\/wp\/v2\/pages"}],"about":[{"href":"https:\/\/www.camping-jardinsdeladour.fr\/es\/wp-json\/wp\/v2\/types\/page"}],"author":[{"embeddable":true,"href":"https:\/\/www.camping-jardinsdeladour.fr\/es\/wp-json\/wp\/v2\/users\/1"}],"replies":[{"embeddable":true,"href":"https:\/\/www.camping-jardinsdeladour.fr\/es\/wp-json\/wp\/v2\/comments?post=2687"}],"version-history":[{"count":5,"href":"https:\/\/www.camping-jardinsdeladour.fr\/es\/wp-json\/wp\/v2\/pages\/2687\/revisions"}],"predecessor-version":[{"id":3133,"href":"https:\/\/www.camping-jardinsdeladour.fr\/es\/wp-json\/wp\/v2\/pages\/2687\/revisions\/3133"}],"wp:featuredmedia":[{"embeddable":true,"href":"https:\/\/www.camping-jardinsdeladour.fr\/es\/wp-json\/wp\/v2\/media\/2073"}],"wp:attachment":[{"href":"https:\/\/www.camping-jardinsdeladour.fr\/es\/wp-json\/wp\/v2\/media?parent=2687"}],"wp:term":[{"taxonomy":"category","embeddable":true,"href":"https:\/\/www.camping-jardinsdeladour.fr\/es\/wp-json\/wp\/v2\/categories?post=2687"},{"taxonomy":"post_tag","embeddable":true,"href":"https:\/\/www.camping-jardinsdeladour.fr\/es\/wp-json\/wp\/v2\/tags?post=2687"}],"curies":[{"name":"wp","href":"https:\/\/api.w.org\/{rel}","templated":true}]}}